{"id":4596,"date":"2022-07-07T13:05:00","date_gmt":"2022-07-07T13:05:00","guid":{"rendered":"https:\/\/dev.clinicamedina.com\/?page_id=4596"},"modified":"2022-10-06T15:28:21","modified_gmt":"2022-10-06T15:28:21","slug":"quienes-somos","status":"publish","type":"page","link":"https:\/\/clinicamedina.com\/ca\/quienes-somos\/","title":{"rendered":"Qui Som"},"content":{"rendered":"<p>[et_pb_section fb_built=&#8221;1&#8243; admin_label=&#8221;Hero&#8221; _builder_version=&#8221;4.16&#8243; _module_preset=&#8221;default&#8221; custom_padding=&#8221;0|0px|54px|0px|false|false&#8221; bottom_divider_height=&#8221;0px&#8221; border_width_bottom=&#8221;1px&#8221; border_color_bottom=&#8221;#efefef&#8221; global_colors_info=&#8221;{}&#8221;][et_pb_row column_structure=&#8221;1_2,1_2&#8243; _builder_version=&#8221;4.16&#8243; _module_preset=&#8221;default&#8221; width=&#8221;100%&#8221; max_width=&#8221;100%&#8221; custom_margin=&#8221;|||&#8221; custom_margin_tablet=&#8221;||0px|&#8221; custom_margin_phone=&#8221;&#8221; custom_margin_last_edited=&#8221;on|desktop&#8221; custom_padding=&#8221;0|0px|0px|0px|false|false&#8221; use_custom_width=&#8221;on&#8221; width_unit=&#8221;off&#8221; custom_width_percent=&#8221;100%&#8221; global_colors_info=&#8221;{}&#8221;][et_pb_column type=&#8221;1_2&#8243; _builder_version=&#8221;4.16&#8243; _module_preset=&#8221;default&#8221; custom_padding=&#8221;6%||6%|12%&#8221; custom_padding_tablet=&#8221;50px|50px|50px|50px&#8221; custom_padding_phone=&#8221;50px|50px|50px|50px&#8221; custom_padding_last_edited=&#8221;on|tablet&#8221; global_colors_info=&#8221;{}&#8221; padding_tablet=&#8221;50px|50px|50px|50px&#8221; padding_last_edited=&#8221;on|tablet&#8221; custom_padding__hover=&#8221;|||&#8221; padding_phone=&#8221;50px|50px|50px|50px&#8221;][et_pb_text _builder_version=&#8221;4.17.1&#8243; _module_preset=&#8221;default&#8221; text_font=&#8221;Montserrat|300|||||||&#8221; text_text_color=&#8221;#677a92&#8243; text_font_size=&#8221;16px&#8221; text_line_height=&#8221;1.8em&#8221; header_font=&#8221;Montserrat||||||||&#8221; header_font_size=&#8221;50px&#8221; header_line_height=&#8221;1.3em&#8221; header_2_font=&#8221;||||||||&#8221; header_3_font=&#8221;Raleway|700|||||||&#8221; header_3_text_color=&#8221;#545353&#8243; header_3_font_size=&#8221;45px&#8221; max_width=&#8221;600px&#8221; custom_margin=&#8221;|||&#8221; custom_margin_tablet=&#8221;0px|50px||50px&#8221; custom_margin_phone=&#8221;|20px||&#8221; custom_margin_last_edited=&#8221;off|desktop&#8221; custom_padding=&#8221;|||&#8221; text_line_height_tablet=&#8221;1.8em&#8221; text_line_height_phone=&#8221;1.8em&#8221; text_line_height_last_edited=&#8221;on|phone&#8221; header_font_size_tablet=&#8221;&#8221; header_font_size_phone=&#8221;36px&#8221; header_font_size_last_edited=&#8221;on|phone&#8221; header_2_font_size_phone=&#8221;30px&#8221; header_2_font_size_last_edited=&#8221;off|desktop&#8221; locked=&#8221;off&#8221; global_colors_info=&#8221;{}&#8221;]<\/p>\n<h3>\u00bfQui Som?<\/h3>\n<p>[\/et_pb_text][et_pb_text _builder_version=&#8221;4.17.1&#8243; _module_preset=&#8221;default&#8221; text_font=&#8221;Raleway||||||||&#8221; text_text_color=&#8221;#545353&#8243; text_font_size=&#8221;17px&#8221; text_line_height=&#8221;2em&#8221; link_font=&#8221;||||||||&#8221; ul_font=&#8221;||||||||&#8221; ol_font=&#8221;||||||||&#8221; quote_font=&#8221;||||||||&#8221; header_font=&#8221;||||||||&#8221; header_2_font=&#8221;Montserrat|300|||||||&#8221; header_2_text_color=&#8221;#212d3b&#8221; header_2_font_size=&#8221;40px&#8221; header_2_line_height=&#8221;1.5em&#8221; max_width=&#8221;600px&#8221; custom_margin=&#8221;|||&#8221; custom_margin_tablet=&#8221;0px|50px||50px&#8221; custom_margin_last_edited=&#8221;off|desktop&#8221; custom_padding=&#8221;|||&#8221; locked=&#8221;off&#8221; global_colors_info=&#8221;{}&#8221;]<\/p>\n<p>Som una cl\u00ednica dental amb un equip de professionals experts en odontologia multidisciplinar, amb vocaci\u00f3 per l\u2019excel\u00b7l\u00e8ncia i l\u2019alt nivell cient\u00edfic i tecnol\u00f2gic. Oferim tractaments odontol\u00f2gics integrals, personalitzats, basats en l\u2019experi\u00e8ncia i en l\u2019evid\u00e8ncia cient\u00edfica. Estem a Molins de Rei des de l\u2019any 1988 i tamb\u00e9 en Hospitallet de Llobregat. Ens mantenim en continua evoluci\u00f3 per oferir-vos la millor i m\u00e9s alta qualitat en tractaments disponibles en l\u2019odontologia moderna; sempre amb un tracte cordial, familiar i proper.<\/p>\n<p>[\/et_pb_text][\/et_pb_column][et_pb_column type=&#8221;1_2&#8243; _builder_version=&#8221;4.16&#8243; _module_preset=&#8221;default&#8221; custom_padding=&#8221;|||&#8221; global_colors_info=&#8221;{}&#8221; custom_padding__hover=&#8221;|||&#8221;][et_pb_image src=&#8221;https:\/\/clinicamedina.com\/wp-content\/uploads\/2022\/07\/Group-7-2.jpg&#8221; title_text=&#8221;Group 7 (2)&#8221; force_fullwidth=&#8221;on&#8221; align_tablet=&#8221;center&#8221; align_phone=&#8221;center&#8221; align_last_edited=&#8221;on|desktop&#8221; _builder_version=&#8221;4.18.0&#8243; _module_preset=&#8221;default&#8221; min_height=&#8221;599.4px&#8221; custom_margin=&#8221;||12px|||&#8221; custom_padding=&#8221;|||&#8221; border_radii=&#8221;|24vw|||24vw&#8221; border_color_all=&#8221;#c2e8e8&#8243; border_width_left=&#8221;2vw&#8221; border_color_left=&#8221;#49bbbb&#8221; box_shadow_style=&#8221;preset4&#8243; box_shadow_horizontal=&#8221;-30px&#8221; box_shadow_spread=&#8221;-10px&#8221; box_shadow_color=&#8221;rgba(14,225,244,0.33)&#8221; global_colors_info=&#8221;{}&#8221;][\/et_pb_image][\/et_pb_column][\/et_pb_row][\/et_pb_section][et_pb_section fb_built=&#8221;1&#8243; admin_label=&#8221;Footer&#8221; _builder_version=&#8221;4.18.0&#8243; _module_preset=&#8221;default&#8221; background_color=&#8221;#2a90db&#8221; custom_padding=&#8221;25px||25px||false|false&#8221; top_divider_height=&#8221;660px&#8221; top_divider_flip=&#8221;horizontal&#8221; bottom_divider_style=&#8221;clouds2&#8243; bottom_divider_color=&#8221;rgba(255,255,255,0.08)&#8221; bottom_divider_height=&#8221;600px&#8221; bottom_divider_flip=&#8221;vertical&#8221; global_colors_info=&#8221;{}&#8221;][et_pb_row _builder_version=&#8221;4.16&#8243; _module_preset=&#8221;default&#8221; global_colors_info=&#8221;{}&#8221;][et_pb_column type=&#8221;4_4&#8243; _builder_version=&#8221;4.16&#8243; _module_preset=&#8221;default&#8221; custom_padding=&#8221;|||&#8221; global_colors_info=&#8221;{}&#8221; custom_padding__hover=&#8221;|||&#8221;][et_pb_blurb title=&#8221;Gracias por elegir nuestra cli\u0301nica dental para confiar el cuidado de tu salud bucodental. &#8221; use_icon=&#8221;on&#8221; font_icon=&#8221;&#xf058;||fa||900&#8243; icon_color=&#8221;#FFFFFF&#8221; content_max_width=&#8221;750px&#8221; _builder_version=&#8221;4.18.0&#8243; _module_preset=&#8221;default&#8221; header_font=&#8221;Raleway|600|||||||&#8221; header_text_align=&#8221;center&#8221; header_text_color=&#8221;#FFFFFF&#8221; header_font_size=&#8221;20px&#8221; header_line_height=&#8221;1.7em&#8221; global_colors_info=&#8221;{}&#8221;][\/et_pb_blurb][\/et_pb_column][\/et_pb_row][\/et_pb_section][et_pb_section fb_built=&#8221;1&#8243; custom_padding_last_edited=&#8221;on|phone&#8221; admin_label=&#8221;Testimonial&#8221; _builder_version=&#8221;4.18.0&#8243; _module_preset=&#8221;default&#8221; background_color=&#8221;#FFFFFF&#8221; background_image=&#8221;https:\/\/clinicamedina.com\/wp-content\/uploads\/2022\/05\/quotes.png&#8221; background_size=&#8221;initial&#8221; background_position=&#8221;bottom_right&#8221; min_height=&#8221;544.2px&#8221; custom_padding=&#8221;120px|0|153px|0px|false|false&#8221; custom_padding_tablet=&#8221;100px||100px|&#8221; custom_padding_phone=&#8221;&#8221; top_divider_repeat=&#8221;0.2x&#8221; top_divider_flip=&#8221;horizontal&#8221; bottom_divider_repeat=&#8221;0.2x&#8221; bottom_divider_flip=&#8221;horizontal&#8221; global_colors_info=&#8221;{}&#8221;][et_pb_row _builder_version=&#8221;4.16&#8243; _module_preset=&#8221;default&#8221; custom_padding=&#8221;0|0px|2px|0px&#8221; global_colors_info=&#8221;{}&#8221;][et_pb_column type=&#8221;4_4&#8243; _builder_version=&#8221;4.16&#8243; _module_preset=&#8221;default&#8221; custom_padding=&#8221;|||&#8221; global_colors_info=&#8221;{}&#8221; custom_padding__hover=&#8221;|||&#8221;][et_pb_text _builder_version=&#8221;4.17.1&#8243; _module_preset=&#8221;default&#8221; text_font=&#8221;Raleway|700||on|||||&#8221; text_text_color=&#8221;#49bbbb&#8221; text_font_size=&#8221;30px&#8221; text_orientation=&#8221;center&#8221; custom_margin=&#8221;||25px|||&#8221; locked=&#8221;off&#8221; global_colors_info=&#8221;{}&#8221;]<\/p>\n<p><span>Acreditacions<\/span><\/p>\n<p>[\/et_pb_text][et_pb_divider color=&#8221;#505050&#8243; divider_weight=&#8221;3px&#8221; _builder_version=&#8221;4.17.1&#8243; _module_preset=&#8221;default&#8221; width=&#8221;6%&#8221; module_alignment=&#8221;center&#8221; global_colors_info=&#8221;{}&#8221;][\/et_pb_divider][et_pb_slider use_bg_overlay=&#8221;off&#8221; use_text_overlay=&#8221;off&#8221; arrows_custom_color=&#8221;#505050&#8243; dot_nav_custom_color=&#8221;#49bbbb&#8221; _builder_version=&#8221;4.18.0&#8243; _module_preset=&#8221;default&#8221; header_font=&#8221;Raleway|800|||||||&#8221; header_text_color=&#8221;#505050&#8243; header_font_size=&#8221;38px&#8221; header_line_height=&#8221;1.5em&#8221; body_font=&#8221;Raleway||||||||&#8221; body_font_size=&#8221;21px&#8221; background_color=&#8221;rgba(160,220,200,0.3)&#8221; custom_button=&#8221;on&#8221; button_text_color=&#8221;#FFFFFF&#8221; button_bg_color=&#8221;#2a90db&#8221; button_border_width=&#8221;0px&#8221; button_border_radius=&#8221;7px&#8221; button_font=&#8221;|600||on|||||&#8221; button_icon=&#8221;&#x39;||divi||400&#8243; button_custom_padding=&#8221;|50px||50px|false|true&#8221; width=&#8221;100%&#8221; module_alignment=&#8221;center&#8221; content_width=&#8221;90%&#8221; custom_margin=&#8221;-17px|||||&#8221; custom_padding=&#8221;131px||131px||true|&#8221; auto=&#8221;on&#8221; auto_speed=&#8221;3600&#8243; hover_enabled=&#8221;0&#8243; border_radii=&#8221;on|10px|10px|10px|10px&#8221; global_colors_info=&#8221;{}&#8221; button_text_color__hover=&#8221;#505050&#8243; button_text_color__hover_enabled=&#8221;on|hover&#8221; button_bg_color__hover=&#8221;#49bbbb&#8221; button_bg_color__hover_enabled=&#8221;on|hover&#8221; button_bg_enable_color__hover=&#8221;on&#8221; sticky_enabled=&#8221;0&#8243;][et_pb_slide button_text=&#8221;Ver m\u00e1s&#8221; button_link=&#8221;http:\/\/www.comb.cat\/&#8221; image=&#8221;https:\/\/clinicamedina.com\/wp-content\/uploads\/2022\/05\/logo-comb.png&#8221; _builder_version=&#8221;4.18.0&#8243; _module_preset=&#8221;default&#8221; background_color=&#8221;#e2f4ee&#8221; background_enable_color=&#8221;on&#8221; custom_button=&#8221;on&#8221; button_alignment=&#8221;center&#8221; global_colors_info=&#8221;{}&#8221; button_bg_color__hover_enabled=&#8221;on|desktop&#8221; button_bg_color__hover=&#8221;#2a90db&#8221; button_bg_enable_color__hover=&#8221;on&#8221; button_text_color__hover_enabled=&#8221;on|hover&#8221; button_text_color__hover=&#8221;#FFFFFF&#8221; sticky_transition=&#8221;on&#8221;][\/et_pb_slide][et_pb_slide button_text=&#8221;Ver m\u00e1s&#8221; button_link=&#8221;http:\/\/www.sepa.es\/&#8221; image=&#8221;https:\/\/clinicamedina.com\/wp-content\/uploads\/2022\/05\/logo-sepa.png&#8221; _builder_version=&#8221;4.18.0&#8243; _module_preset=&#8221;default&#8221; background_color=&#8221;#e2f4ee&#8221; background_enable_color=&#8221;on&#8221; custom_button=&#8221;on&#8221; button_alignment=&#8221;center&#8221; global_colors_info=&#8221;{}&#8221; button_bg_color__hover_enabled=&#8221;on|desktop&#8221; button_bg_color__hover=&#8221;#2a90db&#8221; button_bg_enable_color__hover=&#8221;on&#8221; button_text_color__hover_enabled=&#8221;on|hover&#8221; button_text_color__hover=&#8221;#FFFFFF&#8221; sticky_transition=&#8221;on&#8221;][\/et_pb_slide][et_pb_slide button_text=&#8221;Ver m\u00e1s&#8221; button_link=&#8221;http:\/\/grupoinfomed.es&#8221; image=&#8221;https:\/\/clinicamedina.com\/wp-content\/uploads\/2022\/05\/logo_pc.png&#8221; _builder_version=&#8221;4.18.0&#8243; _module_preset=&#8221;default&#8221; background_color=&#8221;#e2f4ee&#8221; background_enable_color=&#8221;on&#8221; custom_button=&#8221;on&#8221; button_alignment=&#8221;center&#8221; global_colors_info=&#8221;{}&#8221; button_bg_color__hover_enabled=&#8221;on|desktop&#8221; button_bg_color__hover=&#8221;#2a90db&#8221; button_bg_enable_color__hover=&#8221;on&#8221; button_text_color__hover_enabled=&#8221;on|hover&#8221; button_text_color__hover=&#8221;#FFFFFF&#8221; sticky_transition=&#8221;on&#8221;][\/et_pb_slide][et_pb_slide button_text=&#8221;Ver m\u00e1s&#8221; button_link=&#8221;http:\/\/www.iberortodoncia.com\/&#8221; image=&#8221;https:\/\/clinicamedina.com\/wp-content\/uploads\/2022\/05\/LOGO-3.png&#8221; _builder_version=&#8221;4.18.0&#8243; _module_preset=&#8221;default&#8221; background_color=&#8221;#e2f4ee&#8221; background_enable_color=&#8221;on&#8221; custom_button=&#8221;on&#8221; button_alignment=&#8221;center&#8221; global_colors_info=&#8221;{}&#8221; button_bg_color__hover_enabled=&#8221;on|desktop&#8221; button_bg_color__hover=&#8221;#2a90db&#8221; button_bg_enable_color__hover=&#8221;on&#8221; button_text_color__hover_enabled=&#8221;on|hover&#8221; button_text_color__hover=&#8221;#FFFFFF&#8221; sticky_transition=&#8221;on&#8221;][\/et_pb_slide][et_pb_slide button_text=&#8221;Ver m\u00e1s&#8221; button_link=&#8221;https:\/\/gacetadental.com\/2019\/10\/congreso-seomi-91424\/&#8221; image=&#8221;https:\/\/clinicamedina.com\/wp-content\/uploads\/2022\/05\/logo-gaceta-dental-retina-300&#215;99-1.png&#8221; _builder_version=&#8221;4.18.0&#8243; _module_preset=&#8221;default&#8221; background_color=&#8221;#e2f4ee&#8221; background_enable_color=&#8221;on&#8221; custom_button=&#8221;on&#8221; button_alignment=&#8221;center&#8221; global_colors_info=&#8221;{}&#8221; button_bg_color__hover_enabled=&#8221;on|desktop&#8221; button_bg_color__hover=&#8221;#2a90db&#8221; button_bg_enable_color__hover=&#8221;on&#8221; button_text_color__hover_enabled=&#8221;on|hover&#8221; button_text_color__hover=&#8221;#FFFFFF&#8221; sticky_transition=&#8221;on&#8221;][\/et_pb_slide][et_pb_slide button_text=&#8221;Ver m\u00e1s&#8221; button_link=&#8221;http:\/\/www.acmcb.es\/Login\/_V_pZDZbzZG2joLApEztvpg&#8221; image=&#8221;https:\/\/clinicamedina.com\/wp-content\/uploads\/2022\/05\/logo.png&#8221; _builder_version=&#8221;4.18.0&#8243; _module_preset=&#8221;default&#8221; background_color=&#8221;#e2f4ee&#8221; background_enable_color=&#8221;on&#8221; custom_button=&#8221;on&#8221; button_alignment=&#8221;center&#8221; global_colors_info=&#8221;{}&#8221; button_bg_color__hover_enabled=&#8221;on|desktop&#8221; button_bg_color__hover=&#8221;#2a90db&#8221; button_bg_enable_color__hover=&#8221;on&#8221; button_text_color__hover_enabled=&#8221;on|hover&#8221; button_text_color__hover=&#8221;#FFFFFF&#8221; sticky_transition=&#8221;on&#8221;][\/et_pb_slide][et_pb_slide button_text=&#8221;Ver m\u00e1s&#8221; button_link=&#8221;http:\/\/www.aede.info\/&#8221; image=&#8221;https:\/\/clinicamedina.com\/wp-content\/uploads\/2022\/05\/logo_pc-1.png&#8221; _builder_version=&#8221;4.18.0&#8243; _module_preset=&#8221;default&#8221; background_color=&#8221;#e2f4ee&#8221; background_enable_color=&#8221;on&#8221; custom_button=&#8221;on&#8221; button_alignment=&#8221;center&#8221; global_colors_info=&#8221;{}&#8221; button_bg_color__hover_enabled=&#8221;on|desktop&#8221; button_bg_color__hover=&#8221;#2a90db&#8221; button_bg_enable_color__hover=&#8221;on&#8221; button_text_color__hover_enabled=&#8221;on|hover&#8221; button_text_color__hover=&#8221;#FFFFFF&#8221; sticky_transition=&#8221;on&#8221;][\/et_pb_slide][et_pb_slide button_text=&#8221;Ver m\u00e1s&#8221; button_link=&#8221;https:\/\/www.coec.cat\/ca\/&#8221; image=&#8221;https:\/\/clinicamedina.com\/wp-content\/uploads\/2022\/05\/logocomp-640&#215;240-1.png&#8221; _builder_version=&#8221;4.18.0&#8243; _module_preset=&#8221;default&#8221; background_color=&#8221;#e2f4ee&#8221; background_enable_color=&#8221;on&#8221; custom_button=&#8221;on&#8221; button_alignment=&#8221;center&#8221; global_colors_info=&#8221;{}&#8221; button_bg_color__hover_enabled=&#8221;on|desktop&#8221; button_bg_color__hover=&#8221;#2a90db&#8221; button_bg_enable_color__hover=&#8221;on&#8221; button_text_color__hover_enabled=&#8221;on|hover&#8221; button_text_color__hover=&#8221;#FFFFFF&#8221; sticky_transition=&#8221;on&#8221;][\/et_pb_slide][et_pb_slide button_text=&#8221;Ver m\u00e1s&#8221; button_link=&#8221;https:\/\/www.sepes.org\/&#8221; image=&#8221;https:\/\/clinicamedina.com\/wp-content\/uploads\/2022\/05\/Screenshot_1.png&#8221; _builder_version=&#8221;4.18.0&#8243; _module_preset=&#8221;default&#8221; background_color=&#8221;#e2f4ee&#8221; background_enable_color=&#8221;on&#8221; custom_button=&#8221;on&#8221; button_alignment=&#8221;center&#8221; global_colors_info=&#8221;{}&#8221; button_bg_color__hover_enabled=&#8221;on|desktop&#8221; button_bg_color__hover=&#8221;#2a90db&#8221; button_bg_enable_color__hover=&#8221;on&#8221; button_text_color__hover_enabled=&#8221;on|hover&#8221; button_text_color__hover=&#8221;#FFFFFF&#8221; sticky_transition=&#8221;on&#8221;][\/et_pb_slide][\/et_pb_slider][\/et_pb_column][\/et_pb_row][\/et_pb_section]<\/p>","protected":false},"excerpt":{"rendered":"<p>\u00bfQui\u00e9nes somos?Somos una cl\u00ednica dental con un equipo de profesionales expertos en odontolog\u00eda multidisciplinar, con vocaci\u00f3n por la excelencia y alto nivel cient\u00edfico y tecnol\u00f3gico. Ofrecemos tratamientos odontol\u00f3gicos integrales, personalizados, basados en la experiencia y en la evidencia cient\u00edfica. Estamos en Molins de Rei desde el a\u00f1o 1988 y adem\u00e1s en Hospitalet de Llobregat. Nos [&hellip;]<\/p>","protected":false},"author":6,"featured_media":0,"parent":0,"menu_order":0,"comment_status":"closed","ping_status":"closed","template":"","meta":{"_et_pb_use_builder":"on","_et_pb_old_content":"<!-- wp:divi\/placeholder \/-->","_et_gb_content_width":"","footnotes":""},"_links":{"self":[{"href":"https:\/\/clinicamedina.com\/ca\/wp-json\/wp\/v2\/pages\/4596"}],"collection":[{"href":"https:\/\/clinicamedina.com\/ca\/wp-json\/wp\/v2\/pages"}],"about":[{"href":"https:\/\/clinicamedina.com\/ca\/wp-json\/wp\/v2\/types\/page"}],"author":[{"embeddable":true,"href":"https:\/\/clinicamedina.com\/ca\/wp-json\/wp\/v2\/users\/6"}],"replies":[{"embeddable":true,"href":"https:\/\/clinicamedina.com\/ca\/wp-json\/wp\/v2\/comments?post=4596"}],"version-history":[{"count":31,"href":"https:\/\/clinicamedina.com\/ca\/wp-json\/wp\/v2\/pages\/4596\/revisions"}],"predecessor-version":[{"id":6478,"href":"https:\/\/clinicamedina.com\/ca\/wp-json\/wp\/v2\/pages\/4596\/revisions\/6478"}],"wp:attachment":[{"href":"https:\/\/clinicamedina.com\/ca\/wp-json\/wp\/v2\/media?parent=4596"}],"curies":[{"name":"wp","href":"https:\/\/api.w.org\/{rel}","templated":true}]}}