{"id":4630,"date":"2022-07-07T18:00:00","date_gmt":"2022-07-07T18:00:00","guid":{"rendered":"https:\/\/dev.clinicamedina.com\/?page_id=4630"},"modified":"2022-09-26T17:54:58","modified_gmt":"2022-09-26T17:54:58","slug":"videos","status":"publish","type":"page","link":"https:\/\/clinicamedina.com\/ca\/videos\/","title":{"rendered":"Videos"},"content":{"rendered":"<p>[et_pb_section fb_built=&#8221;1&#8243; admin_label=&#8221;section&#8221; _builder_version=&#8221;4.18.0&#8243; background_color=&#8221;#FFFFFF&#8221; background_image=&#8221;https:\/\/clinicamedina.com\/wp-content\/uploads\/2022\/05\/03-entrada.jpg&#8221; background_blend=&#8221;darken&#8221; min_height=&#8221;197.8px&#8221; custom_padding=&#8221;71px||71px||true|&#8221; hover_enabled=&#8221;0&#8243; global_colors_info=&#8221;{}&#8221; title_text=&#8221;03-entrada&#8221; sticky_enabled=&#8221;0&#8243;][et_pb_row _builder_version=&#8221;4.17.1&#8243; _module_preset=&#8221;default&#8221; global_colors_info=&#8221;{}&#8221;][et_pb_column type=&#8221;4_4&#8243; _builder_version=&#8221;4.17.1&#8243; _module_preset=&#8221;default&#8221; global_colors_info=&#8221;{}&#8221;][et_pb_text _builder_version=&#8221;4.17.4&#8243; _module_preset=&#8221;default&#8221; text_font=&#8221;Raleway|700|||||||&#8221; text_text_color=&#8221;#FFFFFF&#8221; text_font_size=&#8221;50px&#8221; text_line_height=&#8221;1.2em&#8221; width=&#8221;57.3%&#8221; width_tablet=&#8221;57.3%&#8221; width_phone=&#8221;100%&#8221; width_last_edited=&#8221;on|phone&#8221; text_font_size_tablet=&#8221;50px&#8221; text_font_size_phone=&#8221;35px&#8221; text_font_size_last_edited=&#8221;on|phone&#8221; module_alignment_tablet=&#8221;&#8221; module_alignment_phone=&#8221;&#8221; module_alignment_last_edited=&#8221;on|phone&#8221; text_text_shadow_style=&#8221;preset3&#8243; locked=&#8221;off&#8221; global_colors_info=&#8221;{}&#8221;]<\/p>\n<p><span>Fes una ullada a la nostra galeria de v\u00eddeos<\/span><\/p>\n<p>[\/et_pb_text][\/et_pb_column][\/et_pb_row][\/et_pb_section][et_pb_section fb_built=&#8221;1&#8243; _builder_version=&#8221;4.17.4&#8243; _module_preset=&#8221;default&#8221; global_colors_info=&#8221;{}&#8221;][et_pb_row _builder_version=&#8221;4.17.4&#8243; _module_preset=&#8221;default&#8221; global_colors_info=&#8221;{}&#8221;][et_pb_column type=&#8221;4_4&#8243; _builder_version=&#8221;4.17.4&#8243; _module_preset=&#8221;default&#8221; global_colors_info=&#8221;{}&#8221;][et_pb_video src=&#8221;https:\/\/youtu.be\/lzEtThTuMqc&#8221; _builder_version=&#8221;4.17.4&#8243; _module_preset=&#8221;default&#8221; global_colors_info=&#8221;{}&#8221;][\/et_pb_video][\/et_pb_column][\/et_pb_row][\/et_pb_section][et_pb_section fb_built=&#8221;1&#8243; _builder_version=&#8221;4.17.4&#8243; _module_preset=&#8221;default&#8221; min_height=&#8221;455px&#8221; custom_margin=&#8221;||13px|||&#8221; custom_padding=&#8221;12px||4px|||&#8221; global_colors_info=&#8221;{}&#8221;][et_pb_row column_structure=&#8221;1_3,1_3,1_3&#8243; _builder_version=&#8221;4.17.4&#8243; _module_preset=&#8221;default&#8221; min_height=&#8221;494px&#8221; height=&#8221;299px&#8221; max_height=&#8221;462px&#8221; custom_margin=&#8221;|auto|1px|auto||&#8221; custom_padding=&#8221;||0px|||&#8221; global_colors_info=&#8221;{}&#8221;][et_pb_column type=&#8221;1_3&#8243; _builder_version=&#8221;4.17.4&#8243; _module_preset=&#8221;default&#8221; global_colors_info=&#8221;{}&#8221;][et_pb_video src=&#8221;https:\/\/youtu.be\/8LfA4pKVhtE&#8221; _builder_version=&#8221;4.17.4&#8243; _module_preset=&#8221;default&#8221; border_radii=&#8221;on|5px|5px|5px|5px&#8221; global_colors_info=&#8221;{}&#8221;][\/et_pb_video][et_pb_text _builder_version=&#8221;4.17.4&#8243; _module_preset=&#8221;default&#8221; text_font=&#8221;Raleway||||||||&#8221; text_text_color=&#8221;#7a7a7a&#8221; header_font=&#8221;Raleway|700|||||||&#8221; header_text_color=&#8221;#444444&#8243; header_font_size=&#8221;21px&#8221; header_line_height=&#8221;1.3em&#8221; global_colors_info=&#8221;{}&#8221;]<\/p>\n<h1>Testimoni ortod\u00f2ncia sense dolor<\/h1>\n<p> Sense dolor i amb un resultat molt satisfactori \u00e9s com en Jorge descriu la seva experi\u00e8ncia amb el tractament d'ortod\u00f2ncia que va portar durant un\u2026<\/p>\n<p>[\/et_pb_text][\/et_pb_column][et_pb_column type=&#8221;1_3&#8243; _builder_version=&#8221;4.17.4&#8243; _module_preset=&#8221;default&#8221; global_colors_info=&#8221;{}&#8221;][et_pb_video src=&#8221;https:\/\/youtu.be\/4rfnI_aFrso&#8221; _builder_version=&#8221;4.17.4&#8243; _module_preset=&#8221;default&#8221; min_height=&#8221;190.4px&#8221; custom_padding=&#8221;||0px|||&#8221; border_radii=&#8221;on|5px|5px|5px|5px&#8221; global_colors_info=&#8221;{}&#8221;][\/et_pb_video][et_pb_text _builder_version=&#8221;4.17.4&#8243; _module_preset=&#8221;default&#8221; text_font=&#8221;Raleway||||||||&#8221; header_font=&#8221;Raleway|700|||||||&#8221; header_text_color=&#8221;#545454&#8243; header_font_size=&#8221;21px&#8221; header_line_height=&#8221;1.3em&#8221; min_height=&#8221;138px&#8221; global_colors_info=&#8221;{}&#8221;]<\/p>\n<h1>Indicacions en casos de Periodontitis<\/h1>\n<p>\nLa Dra. Iglesias explica de qu\u00e8 tracta la Period\u00f2ncia i les recomanacions que d\u00f3na als seus\u2026<\/p>\n<p>[\/et_pb_text][\/et_pb_column][et_pb_column type=&#8221;1_3&#8243; _builder_version=&#8221;4.17.4&#8243; _module_preset=&#8221;default&#8221; global_colors_info=&#8221;{}&#8221;][et_pb_video src=&#8221;https:\/\/youtu.be\/XfbcAS8P178&#8243; _builder_version=&#8221;4.17.4&#8243; _module_preset=&#8221;default&#8221; border_radii=&#8221;on|5px|5px|5px|5px&#8221; global_colors_info=&#8221;{}&#8221;][\/et_pb_video][et_pb_text _builder_version=&#8221;4.17.4&#8243; _module_preset=&#8221;default&#8221; text_font=&#8221;Raleway||||||||&#8221; header_font=&#8221;Raleway|700|||||||&#8221; header_text_color=&#8221;#545454&#8243; header_font_size=&#8221;21px&#8221; header_line_height=&#8221;1.3em&#8221; global_colors_info=&#8221;{}&#8221;]<\/p>\n<h1>Nens sense por al dentista. Barcelona<\/h1>\n<p>La mejor forma de que los ni\u00f1os no tengan miedo al dentista y est\u00e9n motivados a tener una buena higiene bucal es visitando al dentista con[\/et_pb_text][\/et_pb_column][\/et_pb_row][et_pb_row column_structure=&#8221;1_3,1_3,1_3&#8243; _builder_version=&#8221;4.17.4&#8243; _module_preset=&#8221;default&#8221; min_height=&#8221;462px&#8221; height=&#8221;299px&#8221; max_height=&#8221;462px&#8221; custom_margin=&#8221;|auto|1px|auto||&#8221; custom_padding=&#8221;||0px|||&#8221; global_colors_info=&#8221;{}&#8221;][et_pb_column type=&#8221;1_3&#8243; _builder_version=&#8221;4.17.4&#8243; _module_preset=&#8221;default&#8221; global_colors_info=&#8221;{}&#8221;][et_pb_video src=&#8221;https:\/\/youtu.be\/F67hgDqF-xg&#8221; _builder_version=&#8221;4.17.4&#8243; _module_preset=&#8221;default&#8221; border_radii=&#8221;on|5px|5px|5px|5px&#8221; global_colors_info=&#8221;{}&#8221;][\/et_pb_video][et_pb_text _builder_version=&#8221;4.17.4&#8243; _module_preset=&#8221;default&#8221; text_font=&#8221;Raleway||||||||&#8221; text_text_color=&#8221;#7a7a7a&#8221; header_font=&#8221;Raleway|700|||||||&#8221; header_text_color=&#8221;#444444&#8243; header_font_size=&#8221;21px&#8221; header_line_height=&#8221;1.3em&#8221; global_colors_info=&#8221;{}&#8221;]<\/p>\n<h1>Entrevista Dr. Francisco Medina Cl\u00ednica Medina a ETV<\/h1>\n<p>El DR. MEDINA FUE INVITADO ESTA SEMANA AL PROGRAMA &#8220;DONEM LA VEU&#8221; . Un programa de Etv en el que habl\u00f3 de temas de inter\u00e9s general[\/et_pb_text][\/et_pb_column][et_pb_column type=&#8221;1_3&#8243; _builder_version=&#8221;4.17.4&#8243; _module_preset=&#8221;default&#8221; global_colors_info=&#8221;{}&#8221;][et_pb_video src=&#8221;https:\/\/youtu.be\/2ygSp0w2X9s&#8221; _builder_version=&#8221;4.17.4&#8243; _module_preset=&#8221;default&#8221; min_height=&#8221;190.4px&#8221; custom_padding=&#8221;||0px|||&#8221; border_radii=&#8221;on|5px|5px|5px|5px&#8221; global_colors_info=&#8221;{}&#8221;][\/et_pb_video][et_pb_text _builder_version=&#8221;4.17.4&#8243; _module_preset=&#8221;default&#8221; text_font=&#8221;Raleway||||||||&#8221; header_font=&#8221;Raleway|700|||||||&#8221; header_text_color=&#8221;#545454&#8243; header_font_size=&#8221;21px&#8221; header_line_height=&#8221;1.3em&#8221; min_height=&#8221;138px&#8221; global_colors_info=&#8221;{}&#8221;]<\/p>\n<h1>Visita Cl\u00ednica Medina Molins de Rei<\/h1>\n<p>Conoce c\u00f3mo es nuestra cl\u00ednica por dentro. Disfruta de este paseo y ven cuando quieras a visitarnos. Somos la cl\u00ednica dental con m\u00e1s[\/et_pb_text][\/et_pb_column][et_pb_column type=&#8221;1_3&#8243; _builder_version=&#8221;4.17.4&#8243; _module_preset=&#8221;default&#8221; global_colors_info=&#8221;{}&#8221;][et_pb_video src=&#8221;https:\/\/youtu.be\/OfuHNLGC-7s&#8221; _builder_version=&#8221;4.17.4&#8243; _module_preset=&#8221;default&#8221; border_radii=&#8221;on|5px|5px|5px|5px&#8221; global_colors_info=&#8221;{}&#8221;][\/et_pb_video][et_pb_text _builder_version=&#8221;4.17.4&#8243; _module_preset=&#8221;default&#8221; text_font=&#8221;Raleway||||||||&#8221; header_font=&#8221;Raleway|700|||||||&#8221; header_text_color=&#8221;#545454&#8243; header_font_size=&#8221;21px&#8221; header_line_height=&#8221;1.3em&#8221; global_colors_info=&#8221;{}&#8221;]<\/p>\n<h1>Bon Nadal &#8211; Cl\u00ednica Medina<\/h1>\n<p>De part de tot l&#8217;equip, us desitgem Bon Nadal i Felices Festes.<br \/>\nVideo per als nostres pacients i amics per felicitar[\/et_pb_text][\/et_pb_column][\/et_pb_row][et_pb_row column_structure=&#8221;1_3,1_3,1_3&#8243; _builder_version=&#8221;4.17.4&#8243; _module_preset=&#8221;default&#8221; min_height=&#8221;462px&#8221; height=&#8221;299px&#8221; max_height=&#8221;462px&#8221; custom_margin=&#8221;|auto|1px|auto||&#8221; custom_padding=&#8221;||0px|||&#8221; global_colors_info=&#8221;{}&#8221;][et_pb_column type=&#8221;1_3&#8243; _builder_version=&#8221;4.17.4&#8243; _module_preset=&#8221;default&#8221; global_colors_info=&#8221;{}&#8221;][et_pb_video src=&#8221;https:\/\/youtu.be\/GPq7lFFneOY&#8221; _builder_version=&#8221;4.17.4&#8243; _module_preset=&#8221;default&#8221; border_radii=&#8221;on|5px|5px|5px|5px&#8221; global_colors_info=&#8221;{}&#8221;][\/et_pb_video][et_pb_text _builder_version=&#8221;4.17.4&#8243; _module_preset=&#8221;default&#8221; text_font=&#8221;Raleway||||||||&#8221; text_text_color=&#8221;#7a7a7a&#8221; header_font=&#8221;Raleway|700|||||||&#8221; header_text_color=&#8221;#444444&#8243; header_font_size=&#8221;21px&#8221; header_line_height=&#8221;1.3em&#8221; global_colors_info=&#8221;{}&#8221;]<\/p>\n<h1>Impressi\u00f3 de dents en 3D-CAD CAM Cerec<\/h1>\n<p>Impresion 3D de una corona o funda dental, en tan solo 20 minutos gracias a la tecnolog\u00eda CEREC[\/et_pb_text][\/et_pb_column][et_pb_column type=&#8221;1_3&#8243; _builder_version=&#8221;4.17.4&#8243; _module_preset=&#8221;default&#8221; global_colors_info=&#8221;{}&#8221;][et_pb_video src=&#8221;https:\/\/youtu.be\/08tGQ_o4nig&#8221; _builder_version=&#8221;4.17.4&#8243; _module_preset=&#8221;default&#8221; min_height=&#8221;190.4px&#8221; custom_padding=&#8221;||0px|||&#8221; border_radii=&#8221;on|5px|5px|5px|5px&#8221; global_colors_info=&#8221;{}&#8221;][\/et_pb_video][et_pb_text _builder_version=&#8221;4.17.4&#8243; _module_preset=&#8221;default&#8221; text_font=&#8221;Raleway||||||||&#8221; header_font=&#8221;Raleway|700|||||||&#8221; header_text_color=&#8221;#545454&#8243; header_font_size=&#8221;21px&#8221; header_line_height=&#8221;1.3em&#8221; min_height=&#8221;138px&#8221; global_colors_info=&#8221;{}&#8221;]<\/p>\n<h1>Implants Dentals: Planificaci\u00f3 de Tractament<\/h1>\n<p>\u00bfSab\u00e9is que el \u00e9xito de los tratamientos depende del estudio y la planificaci\u00f3n del paciente por parte de los especialistas?[\/et_pb_text][\/et_pb_column][et_pb_column type=&#8221;1_3&#8243; _builder_version=&#8221;4.17.4&#8243; _module_preset=&#8221;default&#8221; global_colors_info=&#8221;{}&#8221;][et_pb_video src=&#8221;https:\/\/youtu.be\/HZa4AvGI7Js&#8221; _builder_version=&#8221;4.17.4&#8243; _module_preset=&#8221;default&#8221; border_radii=&#8221;on|5px|5px|5px|5px&#8221; global_colors_info=&#8221;{}&#8221;][\/et_pb_video][et_pb_text _builder_version=&#8221;4.17.4&#8243; _module_preset=&#8221;default&#8221; text_font=&#8221;Raleway||||||||&#8221; header_font=&#8221;Raleway|700|||||||&#8221; header_text_color=&#8221;#545454&#8243; header_font_size=&#8221;21px&#8221; header_line_height=&#8221;1.3em&#8221; global_colors_info=&#8221;{}&#8221;]<\/p>\n<h1>Nens Sense Por al Dentista!<\/h1>\n<p>En Cl\u00ednica Medina, animamos a los padres a que empiecen desde muy pronto a cuidar de los dientes de sus hijos, y a visitar al dentista&#8230;[\/et_pb_text][\/et_pb_column][\/et_pb_row][et_pb_row column_structure=&#8221;1_2,1_2&#8243; _builder_version=&#8221;4.17.4&#8243; _module_preset=&#8221;default&#8221; min_height=&#8221;462px&#8221; height=&#8221;722px&#8221; max_height=&#8221;885px&#8221; custom_margin=&#8221;|auto|1px|auto||&#8221; custom_padding=&#8221;||0px|||&#8221; global_colors_info=&#8221;{}&#8221;][et_pb_column type=&#8221;1_2&#8243; _builder_version=&#8221;4.17.4&#8243; _module_preset=&#8221;default&#8221; global_colors_info=&#8221;{}&#8221;][et_pb_video src=&#8221;https:\/\/youtu.be\/UFlswBB-d_c&#8221; _builder_version=&#8221;4.17.4&#8243; _module_preset=&#8221;default&#8221; border_radii=&#8221;on|5px|5px|5px|5px&#8221; global_colors_info=&#8221;{}&#8221;][\/et_pb_video][et_pb_text _builder_version=&#8221;4.17.4&#8243; _module_preset=&#8221;default&#8221; text_font=&#8221;Raleway||||||||&#8221; text_text_color=&#8221;#7a7a7a&#8221; header_font=&#8221;Raleway|700|||||||&#8221; header_text_color=&#8221;#444444&#8243; header_font_size=&#8221;21px&#8221; header_line_height=&#8221;1.3em&#8221; global_colors_info=&#8221;{}&#8221;]<\/p>\n<h1>Col\u00b7locaci\u00f3 Implants Dentals-<\/h1>\n<p>Col\u00b7locaci\u00f3 d'implant nom\u00e9s en 30min!<br \/>\nLa colocaci\u00f3n de implantes es una cirug\u00eda de rutina, con anestesia local, y en aquellos[\/et_pb_text][\/et_pb_column][et_pb_column type=&#8221;1_2&#8243; _builder_version=&#8221;4.17.4&#8243; _module_preset=&#8221;default&#8221; global_colors_info=&#8221;{}&#8221;][et_pb_video src=&#8221;https:\/\/youtu.be\/cHEggExUaHU&#8221; _builder_version=&#8221;4.17.4&#8243; _module_preset=&#8221;default&#8221; min_height=&#8221;190.4px&#8221; custom_padding=&#8221;||0px|||&#8221; border_radii=&#8221;on|5px|5px|5px|5px&#8221; global_colors_info=&#8221;{}&#8221;][\/et_pb_video][et_pb_text _builder_version=&#8221;4.17.4&#8243; _module_preset=&#8221;default&#8221; text_font=&#8221;Raleway||||||||&#8221; header_font=&#8221;Raleway|700|||||||&#8221; header_text_color=&#8221;#545454&#8243; header_font_size=&#8221;21px&#8221; header_line_height=&#8221;1.3em&#8221; min_height=&#8221;138px&#8221; global_colors_info=&#8221;{}&#8221;]<\/p>\n<h1>El teu Dentista: Esterilitzaci\u00f3 Instrumental<\/h1>\n<p>As\u00ed es el proceso de esterilizaci\u00f3n y de desinfecci\u00f3n del instrumental odontol\u00f3gico en Cl\u00ednica Dental Medina.[\/et_pb_text][\/et_pb_column][\/et_pb_row][\/et_pb_section]<\/p>","protected":false},"excerpt":{"rendered":"<p>Echa un vist\u00e1zo a nuestra galer\u00eda de videosTestimonio ortodoncia sin dolor Sin dolor y con un resultado muy satisfactorio es como Jorge describe su experiencia con el tratamiento de ortodoncia que llev\u00f3 durante un&#8230;Indicaciones en casos de Periodontitis La Dra. Iglesias explica de qu\u00e9 trata la Periodoncia y las recomendaciones que da a sus&#8230;Ni\u00f1os sin [&hellip;]<\/p>","protected":false},"author":6,"featured_media":0,"parent":0,"menu_order":0,"comment_status":"closed","ping_status":"closed","template":"","meta":{"_et_pb_use_builder":"on","_et_pb_old_content":"<!-- wp:divi\/placeholder \/-->","_et_gb_content_width":"","footnotes":""},"_links":{"self":[{"href":"https:\/\/clinicamedina.com\/ca\/wp-json\/wp\/v2\/pages\/4630"}],"collection":[{"href":"https:\/\/clinicamedina.com\/ca\/wp-json\/wp\/v2\/pages"}],"about":[{"href":"https:\/\/clinicamedina.com\/ca\/wp-json\/wp\/v2\/types\/page"}],"author":[{"embeddable":true,"href":"https:\/\/clinicamedina.com\/ca\/wp-json\/wp\/v2\/users\/6"}],"replies":[{"embeddable":true,"href":"https:\/\/clinicamedina.com\/ca\/wp-json\/wp\/v2\/comments?post=4630"}],"version-history":[{"count":32,"href":"https:\/\/clinicamedina.com\/ca\/wp-json\/wp\/v2\/pages\/4630\/revisions"}],"predecessor-version":[{"id":6465,"href":"https:\/\/clinicamedina.com\/ca\/wp-json\/wp\/v2\/pages\/4630\/revisions\/6465"}],"wp:attachment":[{"href":"https:\/\/clinicamedina.com\/ca\/wp-json\/wp\/v2\/media?parent=4630"}],"curies":[{"name":"wp","href":"https:\/\/api.w.org\/{rel}","templated":true}]}}